{"id":14,"date":"2025-01-12T16:40:31","date_gmt":"2025-01-12T21:40:31","guid":{"rendered":"https:\/\/centreevasion.com\/?page_id=14"},"modified":"2025-01-12T16:45:11","modified_gmt":"2025-01-12T21:45:11","slug":"service-a-domicile","status":"publish","type":"page","link":"https:\/\/centreevasion.com\/index.php\/service-a-domicile\/","title":{"rendered":"Service \u00e0 domicile"},"content":{"rendered":"\n<h3 class=\"wp-block-heading has-vivid-red-color has-text-color\"><strong>Stimulation th\u00e9rapeutique individuelle<\/strong><\/h3>\n\n\n\n<h2 class=\"wp-block-heading has-vivid-red-color has-text-color\"><strong>DES ACTIVIT\u00c9S TH\u00c9RAPEUTIQUE \u00c0 DOMICILE<\/strong><\/h2>\n\n\n\n<p class=\"has-text-align-left\"><br>Des activit\u00e9s de stimulation, de l\u2019accompagnement et un soutien adapt\u00e9 aux besoins \u00e9volutifs de la personne en perte d\u2019autonomie. Offerts par des intervenantes qualifi\u00e9es, qui se d\u00e9placent \u00e0 domicile, les activit\u00e9s effectu\u00e9es visent le maintien et le d\u00e9veloppement des capacit\u00e9s physiques, cognitives, psychologiques et sociales de la personne aid\u00e9e. L\u2019impact positif est constat\u00e9 sur la personne aid\u00e9e et l\u2019aidante, g\u00e9n\u00e9ralement d\u00e8s la 2<sup>e<\/sup> ou 3<sup>e<\/sup> visite.<\/p>\n\n\n\n<ul class=\"wp-block-list\">\n<li>Service offert par une intervenante qualifi\u00e9e<\/li>\n\n\n\n<li>Programmes d\u2019activit\u00e9s flexibles pour une client\u00e8le autonome ou en perte d\u2019autonomie<\/li>\n\n\n\n<li>Plan d\u2019intervention personnalis\u00e9 et mat\u00e9riel d\u2019activit\u00e9s inclus<\/li>\n\n\n\n<li>\u00c9valuations trimestrielles afin de suivre l\u2019\u00e9volution<\/li>\n\n\n\n<li>Service disponible 7 jours par semaine, de 9 h \u00e0 21 h (3 heures minimum par visite)<\/li>\n\n\n\n<li>Profils accept\u00e9s: Maladie d\u2019Alzheimer, d\u00e9mence, sant\u00e9 mentale, d\u00e9ficience intellectuelle&nbsp;<\/li>\n<\/ul>\n\n\n\n<p><strong>Offert tous les jours, entre 9 h 00 et 20 h 00<\/strong><\/p>\n\n\n\n<ul class=\"wp-block-list\">\n<li>Programme d\u2019activit\u00e9s adapt\u00e9es; respectant la dignit\u00e9 et confidentialit\u00e9 de la personne<\/li>\n\n\n\n<li>Disponible en fran\u00e7ais, anglais et plusieurs autres langues (service multilingues)<\/li>\n<\/ul>\n\n\n\n<p><strong>Prix du service :<\/strong><\/p>\n\n\n\n<ul class=\"wp-block-list\">\n<li>Solutions financi\u00e8res pour aider les familles \u00e0 faible revenu (programme de places subventionn\u00e9es pour les personnes proches aidants \u00e0 faible revenu)\n<ul class=\"wp-block-list\">\n<li>Subventionn\u00e9&nbsp;: 5 $ \/ heure<\/li>\n\n\n\n<li>R\u00e9gulier (non subventionn\u00e9) : 32 $ \/ heure<\/li>\n<\/ul>\n<\/li>\n<\/ul>\n\n\n\n<p>Les services s\u2019adressent aux adultes de 18 ans et plus ayant un profil g\u00e9riatrique en perte d\u2019autonomie ou pr\u00e9sentant une d\u00e9ficience intellectuelle, physique ou un trouble du spectre de l\u2019autisme. Leur \u00e9tat de sant\u00e9 doit \u00eatre stable et ils ne doivent pas pr\u00e9senter de comportements agressifs ou violents pouvant avoir une incidence directe ou indirecte sur les autres participants.<\/p>\n\n\n\n<h2 class=\"wp-block-heading has-text-align-center has-vivid-red-color has-text-color\"><strong>Appelez au Centre \u00c9vasion au <a href=\"tel:5147385151\"><span style=\"text-decoration: underline;\">(514) 738-5151<\/span><\/a><\/strong><\/h2>\n\n\n\n<p class=\"has-text-align-center\"><strong> <\/strong><a href=\"mailto:centre.evasion.mtl@gmail.com\"><strong><span style=\"text-decoration: underline;\">centre.evasion.mtl@gmail.com<\/span><\/strong><\/a><\/p>\n\n\n\n<h3 class=\"wp-block-heading has-text-align-center has-vivid-red-color has-text-color\"><strong>afin de recevoir la trousse d&rsquo;information !<\/strong><\/h3>\n\n\n\n<div class=\"wp-block-buttons is-layout-flex wp-block-buttons-is-layout-flex\">\n<div class=\"wp-block-button aligncenter\"><a class=\"wp-block-button__link has-white-color has-vivid-red-background-color has-text-color has-background wp-element-button\" href=\"https:\/\/centreevasion.com\/index.php\/demande-inscription\/\">Inscription<\/a><\/div>\n<\/div>\n","protected":false},"excerpt":{"rendered":"<p>Stimulation th\u00e9rapeutique individuelle DES ACTIVIT\u00c9S TH\u00c9RAPEUTIQUE \u00c0 DOMICILE Des activit\u00e9s de stimulation, de l\u2019accompagnement et un soutien adapt\u00e9 aux besoins \u00e9volutifs de la personne en perte d\u2019autonomie. Offerts par des intervenantes qualifi\u00e9es, qui se d\u00e9placent \u00e0 domicile, les activit\u00e9s effectu\u00e9es visent le maintien et le d\u00e9veloppement des capacit\u00e9s physiques, cognitives, psychologiques et sociales de la personne aid\u00e9e. L\u2019impact positif est constat\u00e9 sur la personne aid\u00e9e et l\u2019aidante, g\u00e9n\u00e9ralement d\u00e8s la 2e ou 3e visite. Offert tous les jours, entre 9 h 00 et 20 h 00 Prix du service : Les services s\u2019adressent aux adultes<\/p>\n<p><a class=\"more-link\" href=\"https:\/\/centreevasion.com\/index.php\/service-a-domicile\/\">Read More<\/a><\/p>\n","protected":false},"author":2,"featured_media":0,"parent":0,"menu_order":0,"comment_status":"closed","ping_status":"closed","template":"","meta":{"footnotes":""},"class_list":["post-14","page","type-page","status-publish","hentry"],"_links":{"self":[{"href":"https:\/\/centreevasion.com\/index.php\/wp-json\/wp\/v2\/pages\/14","targetHints":{"allow":["GET"]}}],"collection":[{"href":"https:\/\/centreevasion.com\/index.php\/wp-json\/wp\/v2\/pages"}],"about":[{"href":"https:\/\/centreevasion.com\/index.php\/wp-json\/wp\/v2\/types\/page"}],"author":[{"embeddable":true,"href":"https:\/\/centreevasion.com\/index.php\/wp-json\/wp\/v2\/users\/2"}],"replies":[{"embeddable":true,"href":"https:\/\/centreevasion.com\/index.php\/wp-json\/wp\/v2\/comments?post=14"}],"version-history":[{"count":40,"href":"https:\/\/centreevasion.com\/index.php\/wp-json\/wp\/v2\/pages\/14\/revisions"}],"predecessor-version":[{"id":1797,"href":"https:\/\/centreevasion.com\/index.php\/wp-json\/wp\/v2\/pages\/14\/revisions\/1797"}],"wp:attachment":[{"href":"https:\/\/centreevasion.com\/index.php\/wp-json\/wp\/v2\/media?parent=14"}],"curies":[{"name":"wp","href":"https:\/\/api.w.org\/{rel}","templated":true}]}}