{"id":11,"date":"2025-01-12T16:14:52","date_gmt":"2025-01-12T21:14:52","guid":{"rendered":"https:\/\/centreevasion.com\/?page_id=11"},"modified":"2025-01-12T16:15:52","modified_gmt":"2025-01-12T21:15:52","slug":"centre-de-jour","status":"publish","type":"page","link":"https:\/\/centreevasion.com\/index.php\/centre-de-jour\/","title":{"rendered":"Services en centre de jour"},"content":{"rendered":"\n<h2 class=\"wp-block-heading has-vivid-red-color has-text-color\">Stimulation th\u00e9rapeutique en groupe<\/h2>\n\n\n\n<p><strong>Deux points de services<\/strong> : Notre-Dame-de-Gr\u00e2ce et Montr\u00e9al Ouest<\/p>\n\n\n\n<ul class=\"wp-block-list\">\n<li><strong>Samedi et dimanche :<\/strong> <a href=\"https:\/\/www.google.com\/maps\/place\/5851+Chem.+Upper+Lachine,+Montr%C3%A9al,+QC+H4A+2B7\/@45.4669601,-73.615415,744m\/data=!3m2!1e3!4b1!4m6!3m5!1s0x4cc910b9d0fe99e3:0xf06f7ea237203c94!8m2!3d45.4669564!4d-73.6128401!16s%2Fg%2F11b8v6pytw?entry=ttu&amp;g_ep=EgoyMDI1MDEwOC4wIKXMDSoASAFQAw%3D%3D\" target=\"_blank\" rel=\"noreferrer noopener\"><span style=\"text-decoration: underline;\">5851, Upper Lachine, Montr\u00e9al<\/span><\/a> (en collaboration avec un CPE)<\/li>\n\n\n\n<li><strong>Mercredi : <\/strong><a href=\"https:\/\/www.google.com\/maps\/place\/88+Ballantyne+Ave+N,+Montreal+West,+QC+H4X+1Y8\/@45.4539111,-73.6490679,744m\/data=!3m2!1e3!4b1!4m6!3m5!1s0x4cc91728b75de261:0xfcb220243fff133f!8m2!3d45.4539074!4d-73.646493!16s%2Fg%2F11dft1tcjj?entry=ttu&amp;g_ep=EgoyMDI1MDEwOC4wIKXMDSoASAFQAw%3D%3D\" target=\"_blank\" rel=\"noreferrer noopener\"><span style=\"text-decoration: underline;\">88, Ballantyne avenue Nord, Montr\u00e9al-Ouest<\/span><\/a> (en collaboration avec un Centre communautaire)<\/li>\n<\/ul>\n\n\n\n<p>Une gamme d\u2019activit\u00e9s physiques, socioculturelles et cognitives est offerte pour favoriser la bonne sant\u00e9 cognitive, la motricit\u00e9 et la sociabilit\u00e9 des participants.<\/p>\n\n\n\n<p><strong>Offert les mercredis, samedis et dimanches de 10h \u00e0 15h, option demi-journ\u00e9e minimum 3h<\/strong>.<\/p>\n\n\n\n<ul class=\"wp-block-list\">\n<li>Programme d&rsquo;activit\u00e9s respectant la dignit\u00e9 et la  confidentialit\u00e9 de la personne<\/li>\n\n\n\n<li>Mat\u00e9riel d&rsquo;activit\u00e9s inclus<\/li>\n\n\n\n<li>Collations incluses<\/li>\n\n\n\n<li>Disponible en fran\u00e7ais, anglais et plusieurs autres langues (service multilingues)<\/li>\n<\/ul>\n\n\n\n<p><strong>Prix du services :<\/strong><\/p>\n\n\n\n<ul class=\"wp-block-list\">\n<li>Solutions financi\u00e8res pour aider les familles \u00e0 faible revenu (Programme de places subventionn\u00e9es aux personnes proches aidantes \u00e0 faible revenu)<\/li>\n\n\n\n<li>Programme :\n<ul class=\"wp-block-list\">\n<li>Subventionn\u00e9 : 20 $ \/ jour<\/li>\n\n\n\n<li>R\u00e9gulier (non subventionn\u00e9) : 12 $ \/ heure<\/li>\n<\/ul>\n<\/li>\n<\/ul>\n\n\n\n<h2 class=\"wp-block-heading has-text-align-center has-vivid-red-color has-text-color\"><strong>CHAQUE FAMILLE A DES BESOINS UNIQUES !<\/strong><\/h2>\n\n\n\n<h2 class=\"wp-block-heading has-text-align-center has-vivid-red-color has-text-color\"><strong>CONTACTEZ-NOUS POUR DISCUTER DES V\u00d4TRES !<\/strong><\/h2>\n\n\n\n<p class=\"has-text-align-center\"><strong><a href=\"tel:5147385151\"><span style=\"text-decoration: underline;\">(514) 738-5151<\/span><\/a> \/ <\/strong><a href=\"mailto:centre.evasion.mtl@gmail.com\"><strong><span style=\"text-decoration: underline;\">centre.evasion.mtl@gmail.com<\/span><\/strong><\/a><\/p>\n\n\n\n<p><br>Les services s\u2019adressent aux adultes de 18 ans et plus ayant un profil g\u00e9riatrique en perte d\u2019autonomie ou pr\u00e9sentant une d\u00e9ficience intellectuelle, physique ou un trouble du spectre de l\u2019autisme. Leur \u00e9tat de sant\u00e9 doit \u00eatre stable et ils ne doivent pas pr\u00e9senter de comportements agressifs ou violents pouvant avoir une incidence directe ou indirecte sur les autres participants.<\/p>\n\n\n\n<p><strong><span style=\"text-decoration: underline;\">INSCRIPTION pour le CENTRE DE JOUR<\/span><\/strong> <\/p>\n\n\n\n<p>Vous \u00eates\u00a0un proche aidant, un membre de la famille, un curateur, un membre du personnel dans le r\u00e9seau de la sant\u00e9 ?<\/p>\n\n\n\n<ul class=\"wp-block-list\">\n<li>Contactez-nous pour recevoir la trousse d\u2019information (envoi par courriel, par fax ou la poste).<\/li>\n\n\n\n<li>Rencontre avec la famille et l\u2019intervenante pour l\u2019\u00e9valuation de la personne et de ses besoins dans nos locaux des Centres de jour (sans frais).<\/li>\n\n\n\n<li>Proposition de plan d\u2019intervention selon les int\u00e9r\u00eats et les capacit\u00e9s de la personne en perte d\u2019autonomie.<\/li>\n<\/ul>\n\n\n\n<div class=\"wp-block-group\"><div class=\"wp-block-group__inner-container is-layout-flow wp-block-group-is-layout-flow\">\n<div class=\"wp-block-buttons is-content-justification-center is-layout-flex wp-container-core-buttons-is-layout-16018d1d wp-block-buttons-is-layout-flex\">\n<div class=\"wp-block-button\"><a class=\"wp-block-button__link has-white-color has-vivid-red-background-color has-text-color has-background wp-element-button\" href=\"https:\/\/centreevasion.com\/index.php\/demande-inscription\/\">Inscription<\/a><\/div>\n<\/div>\n<\/div><\/div>\n","protected":false},"excerpt":{"rendered":"<p>Stimulation th\u00e9rapeutique en groupe Deux points de services : Notre-Dame-de-Gr\u00e2ce et Montr\u00e9al Ouest Une gamme d\u2019activit\u00e9s physiques, socioculturelles et cognitives est offerte pour favoriser la bonne sant\u00e9 cognitive, la motricit\u00e9 et la sociabilit\u00e9 des participants. Offert les mercredis, samedis et dimanches de 10h \u00e0 15h, option demi-journ\u00e9e minimum 3h. Prix du services : CHAQUE FAMILLE A DES BESOINS UNIQUES ! CONTACTEZ-NOUS POUR DISCUTER DES V\u00d4TRES ! (514) 738-5151 \/ centre.evasion.mtl@gmail.com Les services s\u2019adressent aux adultes de 18 ans et plus ayant un profil g\u00e9riatrique en perte d\u2019autonomie ou pr\u00e9sentant une d\u00e9ficience intellectuelle, physique ou un<\/p>\n<p><a class=\"more-link\" href=\"https:\/\/centreevasion.com\/index.php\/centre-de-jour\/\">Read More<\/a><\/p>\n","protected":false},"author":2,"featured_media":0,"parent":0,"menu_order":0,"comment_status":"closed","ping_status":"closed","template":"","meta":{"footnotes":""},"class_list":["post-11","page","type-page","status-publish","hentry"],"_links":{"self":[{"href":"https:\/\/centreevasion.com\/index.php\/wp-json\/wp\/v2\/pages\/11","targetHints":{"allow":["GET"]}}],"collection":[{"href":"https:\/\/centreevasion.com\/index.php\/wp-json\/wp\/v2\/pages"}],"about":[{"href":"https:\/\/centreevasion.com\/index.php\/wp-json\/wp\/v2\/types\/page"}],"author":[{"embeddable":true,"href":"https:\/\/centreevasion.com\/index.php\/wp-json\/wp\/v2\/users\/2"}],"replies":[{"embeddable":true,"href":"https:\/\/centreevasion.com\/index.php\/wp-json\/wp\/v2\/comments?post=11"}],"version-history":[{"count":104,"href":"https:\/\/centreevasion.com\/index.php\/wp-json\/wp\/v2\/pages\/11\/revisions"}],"predecessor-version":[{"id":1790,"href":"https:\/\/centreevasion.com\/index.php\/wp-json\/wp\/v2\/pages\/11\/revisions\/1790"}],"wp:attachment":[{"href":"https:\/\/centreevasion.com\/index.php\/wp-json\/wp\/v2\/media?parent=11"}],"curies":[{"name":"wp","href":"https:\/\/api.w.org\/{rel}","templated":true}]}}